{"id":2734,"date":"2015-08-19T15:01:01","date_gmt":"2015-08-19T13:01:01","guid":{"rendered":"http:\/\/barista-hotelware.com\/?page_id=2734&#038;lang=de"},"modified":"2017-10-26T22:30:42","modified_gmt":"2017-10-26T20:30:42","slug":"espressotassen-bedrucken","status":"publish","type":"page","link":"https:\/\/barista-hotelware.com\/de\/espressotassen-bedrucken\/","title":{"rendered":"\u00dcber Barista Hotelware"},"content":{"rendered":"<h2>Espressotassen bedrucken wir seit 1989<\/h2>\n<p>Espressotassen bedrucken wir seit 1989. Barista-Hotelware ist der Markenname von Logoforma. Seit 1989 sind wir in der Glas und Porzellan Branche mit Logo t\u00e4tig. Wir bedrucken Ihr Glas und Porzellan in unserer eigenen Fabrik in Hengelo, in der N\u00e4he der Deutschen Grenze. Durch unsere jahrelange Erfahrung, wissen wir was die Gastronomie w\u00fcnscht und wie wir Ihre Marke am besten hervorheben k\u00f6nnen. \u00a0Wir wissen wie wichtig es ist, um bei Ihren G\u00e4sten ist einen bleibenden Eindruck zu hinterlassen.<\/p>\n<p>Unsere Produkte sind vielseitig, sch\u00f6n und praktisch. Wir entwickeln Qualit\u00e4tsprodukte, die nutzerfreundlich und bezahlbar sind. Wir besprechen mit Ihnen Ihre W\u00fcnsche und setzten diese in ein fantastisches Endprodukt um.<\/p>\n<p>Das Barista-Hotelware Sortiment l\u00e4sst keine W\u00fcnsche offen. Ihre Espressotassen bedrucken wir nicht nur mit viel Sorgfalt, sondern wir bieten Ihnen auch noch die richtigen Kombinationen an. Wir stimmen die Produkte aufeinander ab und k\u00f6nnen Ihnen ein Endprodukt bieten, das abgestimmt ist auf Ihre W\u00fcnsche, Ihren Stil und Ihren Geschmack. Hinterlassen Sie einen Eindruck, den Ihre G\u00e4ste nicht vergessen.<\/p>\n<p>Neben unseren eigenen Kaffeeserien bieten wir Ihnen auch Kollektionen von anderen sehr renommierten Herstellern an. Auch diese Espressotassen bedrucken wir mit der gleichen Sorgfalt und mit dem Auge f\u00fcrs Detail. Wir kombinieren unsere jahrelangen Fachkenntnisse und Erfahrungen mit einer modernen, markt-und kundenorientierten Strategie. Hochwertige Qualit\u00e4t, Kreativit\u00e4t und ein zeitloses Design stehen bei uns im Vordergrund!<\/p>\n<p>Barista-Hotelware, Erfahrung seit 1989!<\/p>\n<p><img decoding=\"async\" loading=\"lazy\" class=\"alignnone wp-image-4212 size-full\" title=\"Espressotassen bedrucken\" src=\"http:\/\/barista-hotelware.com\/wp-content\/uploads\/2016\/12\/11-e1488896518428.jpg\" alt=\"Espressotassen bedrucken\" width=\"3543\" height=\"1399\" \/><\/p>\n<h3>Vom Entwurf bis zum Erlebnis<\/h3>\n<p>Bei Barista-Hotelware bieten wir Ihnen auch die M\u00f6glichkeit, um ein komplett neues Produkt zu entwerfen. Wir haben sehr gute Gesch\u00e4ftsbeziehungen zu diversen Porzellanherstellern, die f\u00fcr uns die perfekten Espressotassen bedrucken und entwickeln. Gemeinsam setzten wir uns f\u00fcr das beste Endergebnis\u00a0 ein. Ihre Kaffeemarke muss im Kaffeemarkt auffallen sodass jeder Verbraucher Ihre Marke an dem einzigartigen Design erkennt.<\/p>\n<p>F\u00fcr eine eigene Produktlinie ist eine gr\u00f6\u00dfere Abnahmemenge notwendig. Informieren Sie sich bei uns nach den M\u00f6glichkeiten.<\/p>\n<p>Wir helfen Ihnen gerne weiter und freuen uns auf Ihren Anruf oder Ihre E-Mail!<\/p>\n<p><img decoding=\"async\" loading=\"lazy\" class=\"alignnone wp-image-3571 size-full\" title=\"espressotassen bedrucken\" src=\"http:\/\/barista-hotelware.com\/wp-content\/uploads\/2015\/08\/Cappuccinocup.jpg\" alt=\"espressotassen bedrucken\" width=\"1191\" height=\"842\" srcset=\"https:\/\/barista-hotelware.com\/wp-content\/uploads\/2015\/08\/Cappuccinocup.jpg 1191w, https:\/\/barista-hotelware.com\/wp-content\/uploads\/2015\/08\/Cappuccinocup-300x212.jpg 300w, https:\/\/barista-hotelware.com\/wp-content\/uploads\/2015\/08\/Cappuccinocup-768x543.jpg 768w, https:\/\/barista-hotelware.com\/wp-content\/uploads\/2015\/08\/Cappuccinocup-1024x724.jpg 1024w, https:\/\/barista-hotelware.com\/wp-content\/uploads\/2015\/08\/Cappuccinocup-350x247.jpg 350w\" sizes=\"(max-width: 1191px) 100vw, 1191px\" \/><\/p>\n","protected":false},"excerpt":{"rendered":"<p>Espressotassen bedrucken wir seit 1989 Espressotassen bedrucken wir seit 1989. Barista-Hotelware ist der Markenname von Logoforma. Seit 1989 sind wir in der Glas und Porzellan Branche mit Logo t\u00e4tig. Wir bedrucken Ihr Glas und Porzellan in unserer eigenen Fabrik in Hengelo, in der N\u00e4he der Deutschen Grenze. Durch unsere jahrelange Erfahrung, wissen wir was die [&hellip;]<\/p>\n","protected":false},"author":1,"featured_media":0,"parent":0,"menu_order":0,"comment_status":"closed","ping_status":"closed","template":"","meta":{"footnotes":""},"acf":[],"yoast_head":"<!-- This site is optimized with the Yoast SEO plugin v21.5 - https:\/\/yoast.com\/wordpress\/plugins\/seo\/ -->\n<title>Espressotassen Bedrucken mit Logo? Auch Export! - Barista-Hotelware<\/title>\n<meta name=\"description\" content=\"Espressotassen Bedrucken? Sch\u00f6n ab 144st.! Barista-Hotelware, Glass &amp; Porzellan zur Markenbindung. F\u00fcr Promotion, Merchandising &amp; Gastronomie.\" \/>\n<meta name=\"robots\" content=\"index, follow, max-snippet:-1, max-image-preview:large, max-video-preview:-1\" \/>\n<link rel=\"canonical\" href=\"https:\/\/barista-hotelware.com\/de\/espressotassen-bedrucken\/\" \/>\n<meta property=\"og:locale\" content=\"de_DE\" \/>\n<meta property=\"og:type\" content=\"article\" \/>\n<meta property=\"og:title\" content=\"Espressotassen Bedrucken mit Logo? Auch Export! - Barista-Hotelware\" \/>\n<meta property=\"og:description\" content=\"Espressotassen Bedrucken? Sch\u00f6n ab 144st.! Barista-Hotelware, Glass &amp; Porzellan zur Markenbindung. F\u00fcr Promotion, Merchandising &amp; Gastronomie.\" \/>\n<meta property=\"og:url\" content=\"https:\/\/barista-hotelware.com\/de\/espressotassen-bedrucken\/\" \/>\n<meta property=\"og:site_name\" content=\"Barista Hotelware\" \/>\n<meta property=\"article:modified_time\" content=\"2017-10-26T20:30:42+00:00\" \/>\n<meta property=\"og:image\" content=\"http:\/\/barista-hotelware.com\/wp-content\/uploads\/2016\/12\/11-e1488896518428.jpg\" \/>\n<meta name=\"twitter:label1\" content=\"Gesch\u00e4tzte Lesezeit\" \/>\n\t<meta name=\"twitter:data1\" content=\"2 Minuten\" \/>\n<script type=\"application\/ld+json\" class=\"yoast-schema-graph\">{\"@context\":\"https:\/\/schema.org\",\"@graph\":[{\"@type\":\"WebPage\",\"@id\":\"https:\/\/barista-hotelware.com\/de\/espressotassen-bedrucken\/\",\"url\":\"https:\/\/barista-hotelware.com\/de\/espressotassen-bedrucken\/\",\"name\":\"Espressotassen Bedrucken mit Logo? Auch Export! - Barista-Hotelware\",\"isPartOf\":{\"@id\":\"https:\/\/barista-hotelware.com\/#website\"},\"datePublished\":\"2015-08-19T13:01:01+00:00\",\"dateModified\":\"2017-10-26T20:30:42+00:00\",\"description\":\"Espressotassen Bedrucken? Sch\u00f6n ab 144st.! Barista-Hotelware, Glass & Porzellan zur Markenbindung. F\u00fcr Promotion, Merchandising & Gastronomie.\",\"inLanguage\":\"de-DE\",\"potentialAction\":[{\"@type\":\"ReadAction\",\"target\":[\"https:\/\/barista-hotelware.com\/de\/espressotassen-bedrucken\/\"]}]},{\"@type\":\"WebSite\",\"@id\":\"https:\/\/barista-hotelware.com\/#website\",\"url\":\"https:\/\/barista-hotelware.com\/\",\"name\":\"Barista Hotelware\",\"description\":\"Decorated Glass &amp; Porcelain\",\"potentialAction\":[{\"@type\":\"SearchAction\",\"target\":{\"@type\":\"EntryPoint\",\"urlTemplate\":\"https:\/\/barista-hotelware.com\/?s={search_term_string}\"},\"query-input\":\"required name=search_term_string\"}],\"inLanguage\":\"de-DE\"}]}<\/script>\n<!-- \/ Yoast SEO plugin. -->","yoast_head_json":{"title":"Espressotassen Bedrucken mit Logo? Auch Export! - Barista-Hotelware","description":"Espressotassen Bedrucken? Sch\u00f6n ab 144st.! Barista-Hotelware, Glass & Porzellan zur Markenbindung. F\u00fcr Promotion, Merchandising & Gastronomie.","robots":{"index":"index","follow":"follow","max-snippet":"max-snippet:-1","max-image-preview":"max-image-preview:large","max-video-preview":"max-video-preview:-1"},"canonical":"https:\/\/barista-hotelware.com\/de\/espressotassen-bedrucken\/","og_locale":"de_DE","og_type":"article","og_title":"Espressotassen Bedrucken mit Logo? Auch Export! - Barista-Hotelware","og_description":"Espressotassen Bedrucken? Sch\u00f6n ab 144st.! Barista-Hotelware, Glass & Porzellan zur Markenbindung. F\u00fcr Promotion, Merchandising & Gastronomie.","og_url":"https:\/\/barista-hotelware.com\/de\/espressotassen-bedrucken\/","og_site_name":"Barista Hotelware","article_modified_time":"2017-10-26T20:30:42+00:00","og_image":[{"url":"http:\/\/barista-hotelware.com\/wp-content\/uploads\/2016\/12\/11-e1488896518428.jpg"}],"twitter_misc":{"Gesch\u00e4tzte Lesezeit":"2 Minuten"},"schema":{"@context":"https:\/\/schema.org","@graph":[{"@type":"WebPage","@id":"https:\/\/barista-hotelware.com\/de\/espressotassen-bedrucken\/","url":"https:\/\/barista-hotelware.com\/de\/espressotassen-bedrucken\/","name":"Espressotassen Bedrucken mit Logo? Auch Export! - Barista-Hotelware","isPartOf":{"@id":"https:\/\/barista-hotelware.com\/#website"},"datePublished":"2015-08-19T13:01:01+00:00","dateModified":"2017-10-26T20:30:42+00:00","description":"Espressotassen Bedrucken? Sch\u00f6n ab 144st.! Barista-Hotelware, Glass & Porzellan zur Markenbindung. F\u00fcr Promotion, Merchandising & Gastronomie.","inLanguage":"de-DE","potentialAction":[{"@type":"ReadAction","target":["https:\/\/barista-hotelware.com\/de\/espressotassen-bedrucken\/"]}]},{"@type":"WebSite","@id":"https:\/\/barista-hotelware.com\/#website","url":"https:\/\/barista-hotelware.com\/","name":"Barista Hotelware","description":"Decorated Glass &amp; Porcelain","potentialAction":[{"@type":"SearchAction","target":{"@type":"EntryPoint","urlTemplate":"https:\/\/barista-hotelware.com\/?s={search_term_string}"},"query-input":"required name=search_term_string"}],"inLanguage":"de-DE"}]}},"_links":{"self":[{"href":"https:\/\/barista-hotelware.com\/de\/wp-json\/wp\/v2\/pages\/2734"}],"collection":[{"href":"https:\/\/barista-hotelware.com\/de\/wp-json\/wp\/v2\/pages"}],"about":[{"href":"https:\/\/barista-hotelware.com\/de\/wp-json\/wp\/v2\/types\/page"}],"author":[{"embeddable":true,"href":"https:\/\/barista-hotelware.com\/de\/wp-json\/wp\/v2\/users\/1"}],"replies":[{"embeddable":true,"href":"https:\/\/barista-hotelware.com\/de\/wp-json\/wp\/v2\/comments?post=2734"}],"version-history":[{"count":5,"href":"https:\/\/barista-hotelware.com\/de\/wp-json\/wp\/v2\/pages\/2734\/revisions"}],"predecessor-version":[{"id":4598,"href":"https:\/\/barista-hotelware.com\/de\/wp-json\/wp\/v2\/pages\/2734\/revisions\/4598"}],"wp:attachment":[{"href":"https:\/\/barista-hotelware.com\/de\/wp-json\/wp\/v2\/media?parent=2734"}],"curies":[{"name":"wp","href":"https:\/\/api.w.org\/{rel}","templated":true}]}}