{"id":2736,"date":"2015-08-19T15:02:05","date_gmt":"2015-08-19T13:02:05","guid":{"rendered":"http:\/\/barista-hotelware.com\/?page_id=2736&#038;lang=de"},"modified":"2017-10-26T22:39:24","modified_gmt":"2017-10-26T20:39:24","slug":"kaffeetassen-bedrucken","status":"publish","type":"page","link":"https:\/\/barista-hotelware.com\/de\/kaffeetassen-bedrucken\/","title":{"rendered":"Herstellungsprozess"},"content":{"rendered":"<h2>KAFFEETASSEN BEDRUCKEN MIT IHREM LOGO<\/h2>\n<p>Kaffeetassen bedrucken mit Ihrem Firmennamen oder Logo? Das <a href=\"https:\/\/barista-hotelware.com\/de\/tassen-bedrucken-lassen\/\">Bedrucken Ihrer Tassen<\/a> muss selbstverst\u00e4ndlich genauso hochwertig erfolgen, da es auch die Qualit\u00e4t Ihres Kaffees oder Tees unterstreicht.\u00a0 Ihre W\u00fcnsche stehen bei uns immer im Vordergrund! Hinterlassen Sie einen bleibenden Eindruck bei Ihren G\u00e4sten und heben Sie Ihre Marke besonders hervor, indem Sie Ihre Kaffeetassen bedrucken und Ihr Logo damit gleich auff\u00e4llt.<\/p>\n<p><img decoding=\"async\" loading=\"lazy\" class=\"alignnone wp-image-4242 size-full\" title=\"Kaffeetassen bedrucken\" src=\"http:\/\/barista-hotelware.com\/wp-content\/uploads\/2016\/12\/21-e1488896235835.jpg\" alt=\"Kaffeetassen bedrucken\" width=\"2358\" height=\"778\" \/><\/p>\n<p>Die von Ihnen ausgew\u00e4hlten Kaffeetassen bedrucken wir auf die jeweils passende Weise mit einem Transferdruck. Eine hochwertige Qualit\u00e4t w\u00e4hrend des Herstellungsprozesses und im Endprodukt ist uns sehr wichtig. Die Kaffeetassen bedrucken wir auf Wunsch auch in mehreren Farben. Selbstverst\u00e4ndlich k\u00f6nnen wir auch Ihre Gl\u00e4ser bedrucken, wie u.a. Latte Macchiato Gl\u00e4ser oder Wassergl\u00e4ser.<\/p>\n<p><iframe loading=\"lazy\" src=\"\/\/www.youtube.com\/embed\/flrVtsdhC2c\" width=\"100\" height=\"50\" frameborder=\"0\" allowfullscreen=\"allowfullscreen\"><\/iframe><\/p>\n<p>Wenn es sich um geh\u00e4rtetes Glas handelt, dann k\u00f6nnen wir die von Ihnen ausgew\u00e4hlten\u00a0<a href=\"https:\/\/barista-hotelware.com\/de\/glaeser-gravieren\/\">Gl\u00e4ser gravieren<\/a>. Das bedeutet, dass eine wesentliche Ver\u00e4nderung am Glas vorgenommen wird, sodass sich Ihr Logo wirklich im Glas befindet und eine damit eine lange Lebensdauer hat.<\/p>\n<p><iframe loading=\"lazy\" src=\"\/\/player.vimeo.com\/video\/84031970?title=0&amp;byline=0&amp;portrait=0&amp;color=ffffff&amp;autoplay=1&amp;loop=1\" width=\"1056\" height=\"350\" frameborder=\"0\" allowfullscreen=\"allowfullscreen\"><\/iframe><\/p>\n<p>&nbsp;<\/p>\n<h2>Mehr Informationen?<\/h2>\n<p>Haben Sie noch Fragen zum Kaffeetassen bedrucken oder w\u00fcnschen Sie ein pers\u00f6nliches Beratungsgespr\u00e4ch? Dann nehmen Sie gerne Kontakt mit uns auf.\u00a0 Wir helfen Ihnen gerne dabei, Ihre Kunden zu \u00fcberraschen und Ihre Marke noch bekannten zu machen!<\/p>\n","protected":false},"excerpt":{"rendered":"<p>KAFFEETASSEN BEDRUCKEN MIT IHREM LOGO Kaffeetassen bedrucken mit Ihrem Firmennamen oder Logo? Das Bedrucken Ihrer Tassen muss selbstverst\u00e4ndlich genauso hochwertig erfolgen, da es auch die Qualit\u00e4t Ihres Kaffees oder Tees unterstreicht.\u00a0 Ihre W\u00fcnsche stehen bei uns immer im Vordergrund! Hinterlassen Sie einen bleibenden Eindruck bei Ihren G\u00e4sten und heben Sie Ihre Marke besonders hervor, indem [&hellip;]<\/p>\n","protected":false},"author":1,"featured_media":0,"parent":0,"menu_order":0,"comment_status":"closed","ping_status":"open","template":"","meta":{"footnotes":""},"acf":[],"yoast_head":"<!-- This site is optimized with the Yoast SEO plugin v21.5 - https:\/\/yoast.com\/wordpress\/plugins\/seo\/ -->\n<title>Kaffeetassen Bedrucken mit Ihrem Logo? Auch Export! - Barista-Hotelware<\/title>\n<meta name=\"description\" content=\"Kaffeetassen Bedrucken mit Ihrem Logo? Sch\u00f6n ab 144st. Auch f\u00fcr Export! Barista-Hotelware, Glass &amp; Porzellan zur Markenbindung, f\u00fcr Kaffeeprofi!\" \/>\n<meta name=\"robots\" content=\"index, follow, max-snippet:-1, max-image-preview:large, max-video-preview:-1\" \/>\n<link rel=\"canonical\" href=\"https:\/\/barista-hotelware.com\/de\/kaffeetassen-bedrucken\/\" \/>\n<meta property=\"og:locale\" content=\"de_DE\" \/>\n<meta property=\"og:type\" content=\"article\" \/>\n<meta property=\"og:title\" content=\"Kaffeetassen Bedrucken mit Ihrem Logo? Auch Export! - Barista-Hotelware\" \/>\n<meta property=\"og:description\" content=\"Kaffeetassen Bedrucken mit Ihrem Logo? Sch\u00f6n ab 144st. Auch f\u00fcr Export! Barista-Hotelware, Glass &amp; Porzellan zur Markenbindung, f\u00fcr Kaffeeprofi!\" \/>\n<meta property=\"og:url\" content=\"https:\/\/barista-hotelware.com\/de\/kaffeetassen-bedrucken\/\" \/>\n<meta property=\"og:site_name\" content=\"Barista Hotelware\" \/>\n<meta property=\"article:modified_time\" content=\"2017-10-26T20:39:24+00:00\" \/>\n<meta property=\"og:image\" content=\"http:\/\/barista-hotelware.com\/wp-content\/uploads\/2016\/12\/21-e1488896235835.jpg\" \/>\n<meta name=\"twitter:label1\" content=\"Gesch\u00e4tzte Lesezeit\" \/>\n\t<meta name=\"twitter:data1\" content=\"1 Minute\" \/>\n<script type=\"application\/ld+json\" class=\"yoast-schema-graph\">{\"@context\":\"https:\/\/schema.org\",\"@graph\":[{\"@type\":\"WebPage\",\"@id\":\"https:\/\/barista-hotelware.com\/de\/kaffeetassen-bedrucken\/\",\"url\":\"https:\/\/barista-hotelware.com\/de\/kaffeetassen-bedrucken\/\",\"name\":\"Kaffeetassen Bedrucken mit Ihrem Logo? Auch Export! - Barista-Hotelware\",\"isPartOf\":{\"@id\":\"https:\/\/barista-hotelware.com\/#website\"},\"datePublished\":\"2015-08-19T13:02:05+00:00\",\"dateModified\":\"2017-10-26T20:39:24+00:00\",\"description\":\"Kaffeetassen Bedrucken mit Ihrem Logo? Sch\u00f6n ab 144st. Auch f\u00fcr Export! Barista-Hotelware, Glass & Porzellan zur Markenbindung, f\u00fcr Kaffeeprofi!\",\"inLanguage\":\"de-DE\",\"potentialAction\":[{\"@type\":\"ReadAction\",\"target\":[\"https:\/\/barista-hotelware.com\/de\/kaffeetassen-bedrucken\/\"]}]},{\"@type\":\"WebSite\",\"@id\":\"https:\/\/barista-hotelware.com\/#website\",\"url\":\"https:\/\/barista-hotelware.com\/\",\"name\":\"Barista Hotelware\",\"description\":\"Decorated Glass &amp; Porcelain\",\"potentialAction\":[{\"@type\":\"SearchAction\",\"target\":{\"@type\":\"EntryPoint\",\"urlTemplate\":\"https:\/\/barista-hotelware.com\/?s={search_term_string}\"},\"query-input\":\"required name=search_term_string\"}],\"inLanguage\":\"de-DE\"}]}<\/script>\n<!-- \/ Yoast SEO plugin. -->","yoast_head_json":{"title":"Kaffeetassen Bedrucken mit Ihrem Logo? Auch Export! - Barista-Hotelware","description":"Kaffeetassen Bedrucken mit Ihrem Logo? Sch\u00f6n ab 144st. Auch f\u00fcr Export! Barista-Hotelware, Glass & Porzellan zur Markenbindung, f\u00fcr Kaffeeprofi!","robots":{"index":"index","follow":"follow","max-snippet":"max-snippet:-1","max-image-preview":"max-image-preview:large","max-video-preview":"max-video-preview:-1"},"canonical":"https:\/\/barista-hotelware.com\/de\/kaffeetassen-bedrucken\/","og_locale":"de_DE","og_type":"article","og_title":"Kaffeetassen Bedrucken mit Ihrem Logo? Auch Export! - Barista-Hotelware","og_description":"Kaffeetassen Bedrucken mit Ihrem Logo? Sch\u00f6n ab 144st. Auch f\u00fcr Export! Barista-Hotelware, Glass & Porzellan zur Markenbindung, f\u00fcr Kaffeeprofi!","og_url":"https:\/\/barista-hotelware.com\/de\/kaffeetassen-bedrucken\/","og_site_name":"Barista Hotelware","article_modified_time":"2017-10-26T20:39:24+00:00","og_image":[{"url":"http:\/\/barista-hotelware.com\/wp-content\/uploads\/2016\/12\/21-e1488896235835.jpg"}],"twitter_misc":{"Gesch\u00e4tzte Lesezeit":"1 Minute"},"schema":{"@context":"https:\/\/schema.org","@graph":[{"@type":"WebPage","@id":"https:\/\/barista-hotelware.com\/de\/kaffeetassen-bedrucken\/","url":"https:\/\/barista-hotelware.com\/de\/kaffeetassen-bedrucken\/","name":"Kaffeetassen Bedrucken mit Ihrem Logo? Auch Export! - Barista-Hotelware","isPartOf":{"@id":"https:\/\/barista-hotelware.com\/#website"},"datePublished":"2015-08-19T13:02:05+00:00","dateModified":"2017-10-26T20:39:24+00:00","description":"Kaffeetassen Bedrucken mit Ihrem Logo? Sch\u00f6n ab 144st. Auch f\u00fcr Export! Barista-Hotelware, Glass & Porzellan zur Markenbindung, f\u00fcr Kaffeeprofi!","inLanguage":"de-DE","potentialAction":[{"@type":"ReadAction","target":["https:\/\/barista-hotelware.com\/de\/kaffeetassen-bedrucken\/"]}]},{"@type":"WebSite","@id":"https:\/\/barista-hotelware.com\/#website","url":"https:\/\/barista-hotelware.com\/","name":"Barista Hotelware","description":"Decorated Glass &amp; Porcelain","potentialAction":[{"@type":"SearchAction","target":{"@type":"EntryPoint","urlTemplate":"https:\/\/barista-hotelware.com\/?s={search_term_string}"},"query-input":"required name=search_term_string"}],"inLanguage":"de-DE"}]}},"_links":{"self":[{"href":"https:\/\/barista-hotelware.com\/de\/wp-json\/wp\/v2\/pages\/2736"}],"collection":[{"href":"https:\/\/barista-hotelware.com\/de\/wp-json\/wp\/v2\/pages"}],"about":[{"href":"https:\/\/barista-hotelware.com\/de\/wp-json\/wp\/v2\/types\/page"}],"author":[{"embeddable":true,"href":"https:\/\/barista-hotelware.com\/de\/wp-json\/wp\/v2\/users\/1"}],"replies":[{"embeddable":true,"href":"https:\/\/barista-hotelware.com\/de\/wp-json\/wp\/v2\/comments?post=2736"}],"version-history":[{"count":5,"href":"https:\/\/barista-hotelware.com\/de\/wp-json\/wp\/v2\/pages\/2736\/revisions"}],"predecessor-version":[{"id":4601,"href":"https:\/\/barista-hotelware.com\/de\/wp-json\/wp\/v2\/pages\/2736\/revisions\/4601"}],"wp:attachment":[{"href":"https:\/\/barista-hotelware.com\/de\/wp-json\/wp\/v2\/media?parent=2736"}],"curies":[{"name":"wp","href":"https:\/\/api.w.org\/{rel}","templated":true}]}}