{"id":3151,"date":"2016-06-03T11:58:58","date_gmt":"2016-06-03T09:58:58","guid":{"rendered":"http:\/\/barista-hotelware.com\/?page_id=3151&#038;lang=de"},"modified":"2017-03-07T15:42:23","modified_gmt":"2017-03-07T14:42:23","slug":"tassen-bedrucken-lassen","status":"publish","type":"page","link":"https:\/\/barista-hotelware.com\/de\/tassen-bedrucken-lassen\/","title":{"rendered":"Tassen bedrucken lassen"},"content":{"rendered":"<h2><u>Tassen bedrucken lassen<\/u><\/h2>\n<p>Tassen bedrucken lassen mit einem Transferdruck. Tassen bedrucken lassen w\u00e4hrend des Prozesses mit die keramischer Tinte (eigentlich gemahlenes Glas mit Farbpigmenten) und mit Hilfe von bedruckten Transferb\u00f6gen. Transferb\u00f6gen sind gro\u00dfe Papierbl\u00e4tter, die jeweils pro Farbe bedruckt werden. Pro Farbe m\u00fcssen diese Drucke jeweils 4 Stunden trocknen. Abschlie\u00dfend wird eine Lackschicht aufgetragen, damit diese Transferb\u00f6gen auf Ihr Porzellan aufgebracht werden k\u00f6nnen.\u00a0 Ihre Tassen bedrucken lassen\u00a0mit der gr\u00f6\u00dften Sorgfalt.<\/p>\n<h3>\u00a0<iframe loading=\"lazy\" src=\"\/\/www.youtube.com\/embed\/flrVtsdhC2c\" width=\"100\" height=\"50\" frameborder=\"0\" allowfullscreen=\"allowfullscreen\"><\/iframe><\/h3>\n<h3><strong>Handarbeit sorgt f\u00fcr hochwertige Qualit\u00e4t, Ihre Tassen bedrucken lassen\u00a0mit gro\u00dfer Sorgfalt!<\/strong><\/h3>\n<p>Tassen bedrucken lassen\u00a0mit diesem Verfahren schon seit vielen Jahren. Nach der Fertigstellung werden die Logos aus den Transferb\u00f6gen geschnitten. \u00a0Sie werden ins Wasser gelegt, wodurch sich die spezielle Oberfl\u00e4che mit der keramischen Tinte vom Papier l\u00f6st. Ihr Logo oder Firmenname wird anschlie\u00dfend mit der \u00a0Hand an der gew\u00fcnschten Stelle auf der Tasse angebracht. Ihre bedruckte Tassen werden in einem Ofen (850 Grad) gebrannt, um die Farbe gut einzubrennen. So einfach ist das!<\/p>\n<p><img decoding=\"async\" loading=\"lazy\" class=\"aligncenter wp-image-4203 size-full\" title=\"tassen bedrucken\" src=\"http:\/\/barista-hotelware.com\/wp-content\/uploads\/2016\/12\/8-e1488895861445.jpg\" alt=\"Tassen bedrucken\" width=\"2373\" height=\"602\" \/><\/p>\n<p>&nbsp;<\/p>\n<h3>Mehr Informationen?<\/h3>\n<p>Haben Sie noch Fragen zum oder w\u00fcnschen Sie ein pers\u00f6nliches Beratungsgespr\u00e4ch? Dann nehmen Sie gerne Kontakt mit uns auf.\u00a0 Wir helfen Ihnen gerne dabei, Ihre Kunden zu \u00fcberraschen und Ihre Marke noch bekannten zu machen!<\/p>\n","protected":false},"excerpt":{"rendered":"<p>Tassen bedrucken lassen Tassen bedrucken lassen mit einem Transferdruck. Tassen bedrucken lassen w\u00e4hrend des Prozesses mit die keramischer Tinte (eigentlich gemahlenes Glas mit Farbpigmenten) und mit Hilfe von bedruckten Transferb\u00f6gen. Transferb\u00f6gen sind gro\u00dfe Papierbl\u00e4tter, die jeweils pro Farbe bedruckt werden. Pro Farbe m\u00fcssen diese Drucke jeweils 4 Stunden trocknen. Abschlie\u00dfend wird eine Lackschicht aufgetragen, damit [&hellip;]<\/p>\n","protected":false},"author":1,"featured_media":0,"parent":0,"menu_order":0,"comment_status":"closed","ping_status":"open","template":"content-sidebar-page.php","meta":{"footnotes":""},"acf":[],"yoast_head":"<!-- This site is optimized with the Yoast SEO plugin v21.5 - https:\/\/yoast.com\/wordpress\/plugins\/seo\/ -->\n<title>Tassen Bedrucken lassen sch\u00f6n ab 144 stk. - Barista-Hotelware<\/title>\n<meta name=\"description\" content=\"Tassen Bedrucken lassen mit Logo? Sch\u00f6n ab 144st. Barista-Hotelware, das Porzellan der Marken. F\u00fcr Promotion, Merchandising &amp; Gastronomie\" \/>\n<meta name=\"robots\" content=\"index, follow, max-snippet:-1, max-image-preview:large, max-video-preview:-1\" \/>\n<link rel=\"canonical\" href=\"https:\/\/barista-hotelware.com\/de\/tassen-bedrucken-lassen\/\" \/>\n<meta property=\"og:locale\" content=\"de_DE\" \/>\n<meta property=\"og:type\" content=\"article\" \/>\n<meta property=\"og:title\" content=\"Tassen Bedrucken lassen sch\u00f6n ab 144 stk. - Barista-Hotelware\" \/>\n<meta property=\"og:description\" content=\"Tassen Bedrucken lassen mit Logo? Sch\u00f6n ab 144st. Barista-Hotelware, das Porzellan der Marken. F\u00fcr Promotion, Merchandising &amp; Gastronomie\" \/>\n<meta property=\"og:url\" content=\"https:\/\/barista-hotelware.com\/de\/tassen-bedrucken-lassen\/\" \/>\n<meta property=\"og:site_name\" content=\"Barista Hotelware\" \/>\n<meta property=\"article:modified_time\" content=\"2017-03-07T14:42:23+00:00\" \/>\n<meta property=\"og:image\" content=\"http:\/\/barista-hotelware.com\/wp-content\/uploads\/2016\/12\/8-e1488895861445.jpg\" \/>\n<meta name=\"twitter:label1\" content=\"Gesch\u00e4tzte Lesezeit\" \/>\n\t<meta name=\"twitter:data1\" content=\"1 Minute\" \/>\n<script type=\"application\/ld+json\" class=\"yoast-schema-graph\">{\"@context\":\"https:\/\/schema.org\",\"@graph\":[{\"@type\":\"WebPage\",\"@id\":\"https:\/\/barista-hotelware.com\/de\/tassen-bedrucken-lassen\/\",\"url\":\"https:\/\/barista-hotelware.com\/de\/tassen-bedrucken-lassen\/\",\"name\":\"Tassen Bedrucken lassen sch\u00f6n ab 144 stk. - Barista-Hotelware\",\"isPartOf\":{\"@id\":\"https:\/\/barista-hotelware.com\/#website\"},\"datePublished\":\"2016-06-03T09:58:58+00:00\",\"dateModified\":\"2017-03-07T14:42:23+00:00\",\"description\":\"Tassen Bedrucken lassen mit Logo? Sch\u00f6n ab 144st. Barista-Hotelware, das Porzellan der Marken. F\u00fcr Promotion, Merchandising & Gastronomie\",\"inLanguage\":\"de-DE\",\"potentialAction\":[{\"@type\":\"ReadAction\",\"target\":[\"https:\/\/barista-hotelware.com\/de\/tassen-bedrucken-lassen\/\"]}]},{\"@type\":\"WebSite\",\"@id\":\"https:\/\/barista-hotelware.com\/#website\",\"url\":\"https:\/\/barista-hotelware.com\/\",\"name\":\"Barista Hotelware\",\"description\":\"Decorated Glass &amp; Porcelain\",\"potentialAction\":[{\"@type\":\"SearchAction\",\"target\":{\"@type\":\"EntryPoint\",\"urlTemplate\":\"https:\/\/barista-hotelware.com\/?s={search_term_string}\"},\"query-input\":\"required name=search_term_string\"}],\"inLanguage\":\"de-DE\"}]}<\/script>\n<!-- \/ Yoast SEO plugin. -->","yoast_head_json":{"title":"Tassen Bedrucken lassen sch\u00f6n ab 144 stk. - Barista-Hotelware","description":"Tassen Bedrucken lassen mit Logo? Sch\u00f6n ab 144st. Barista-Hotelware, das Porzellan der Marken. F\u00fcr Promotion, Merchandising & Gastronomie","robots":{"index":"index","follow":"follow","max-snippet":"max-snippet:-1","max-image-preview":"max-image-preview:large","max-video-preview":"max-video-preview:-1"},"canonical":"https:\/\/barista-hotelware.com\/de\/tassen-bedrucken-lassen\/","og_locale":"de_DE","og_type":"article","og_title":"Tassen Bedrucken lassen sch\u00f6n ab 144 stk. - Barista-Hotelware","og_description":"Tassen Bedrucken lassen mit Logo? Sch\u00f6n ab 144st. Barista-Hotelware, das Porzellan der Marken. F\u00fcr Promotion, Merchandising & Gastronomie","og_url":"https:\/\/barista-hotelware.com\/de\/tassen-bedrucken-lassen\/","og_site_name":"Barista Hotelware","article_modified_time":"2017-03-07T14:42:23+00:00","og_image":[{"url":"http:\/\/barista-hotelware.com\/wp-content\/uploads\/2016\/12\/8-e1488895861445.jpg"}],"twitter_misc":{"Gesch\u00e4tzte Lesezeit":"1 Minute"},"schema":{"@context":"https:\/\/schema.org","@graph":[{"@type":"WebPage","@id":"https:\/\/barista-hotelware.com\/de\/tassen-bedrucken-lassen\/","url":"https:\/\/barista-hotelware.com\/de\/tassen-bedrucken-lassen\/","name":"Tassen Bedrucken lassen sch\u00f6n ab 144 stk. - Barista-Hotelware","isPartOf":{"@id":"https:\/\/barista-hotelware.com\/#website"},"datePublished":"2016-06-03T09:58:58+00:00","dateModified":"2017-03-07T14:42:23+00:00","description":"Tassen Bedrucken lassen mit Logo? Sch\u00f6n ab 144st. Barista-Hotelware, das Porzellan der Marken. F\u00fcr Promotion, Merchandising & Gastronomie","inLanguage":"de-DE","potentialAction":[{"@type":"ReadAction","target":["https:\/\/barista-hotelware.com\/de\/tassen-bedrucken-lassen\/"]}]},{"@type":"WebSite","@id":"https:\/\/barista-hotelware.com\/#website","url":"https:\/\/barista-hotelware.com\/","name":"Barista Hotelware","description":"Decorated Glass &amp; Porcelain","potentialAction":[{"@type":"SearchAction","target":{"@type":"EntryPoint","urlTemplate":"https:\/\/barista-hotelware.com\/?s={search_term_string}"},"query-input":"required name=search_term_string"}],"inLanguage":"de-DE"}]}},"_links":{"self":[{"href":"https:\/\/barista-hotelware.com\/de\/wp-json\/wp\/v2\/pages\/3151"}],"collection":[{"href":"https:\/\/barista-hotelware.com\/de\/wp-json\/wp\/v2\/pages"}],"about":[{"href":"https:\/\/barista-hotelware.com\/de\/wp-json\/wp\/v2\/types\/page"}],"author":[{"embeddable":true,"href":"https:\/\/barista-hotelware.com\/de\/wp-json\/wp\/v2\/users\/1"}],"replies":[{"embeddable":true,"href":"https:\/\/barista-hotelware.com\/de\/wp-json\/wp\/v2\/comments?post=3151"}],"version-history":[{"count":5,"href":"https:\/\/barista-hotelware.com\/de\/wp-json\/wp\/v2\/pages\/3151\/revisions"}],"predecessor-version":[{"id":4423,"href":"https:\/\/barista-hotelware.com\/de\/wp-json\/wp\/v2\/pages\/3151\/revisions\/4423"}],"wp:attachment":[{"href":"https:\/\/barista-hotelware.com\/de\/wp-json\/wp\/v2\/media?parent=3151"}],"curies":[{"name":"wp","href":"https:\/\/api.w.org\/{rel}","templated":true}]}}