{"id":3153,"date":"2016-06-03T11:59:43","date_gmt":"2016-06-03T09:59:43","guid":{"rendered":"http:\/\/barista-hotelware.com\/?page_id=3153&#038;lang=de"},"modified":"2017-03-07T14:33:00","modified_gmt":"2017-03-07T13:33:00","slug":"glaeser-gravieren","status":"publish","type":"page","link":"https:\/\/barista-hotelware.com\/de\/glaeser-gravieren\/","title":{"rendered":"GL\u00c4SER GRAVIEREN"},"content":{"rendered":"<p>Wir haben verschiedene M\u00f6glichkeiten um Ihre Gl\u00e4ser zu gravieren. Welche davon, die beste ist, h\u00e4ngt von der \u00a0Auflage ab. Gl\u00e4ser in kleinen Auflagen gravieren wir meistens mit \u00c4tzen, Gl\u00e4ser in gr\u00f6\u00dferen Auflagen mit einem Laser. M\u00f6chten Sie gerne wissen, welche dieser M\u00f6glichkeiten f\u00fcr Sie in Frage kommt? Dann nehmen Sie gerne Kontakt mit uns auf! Wir beraten Sie gerne!<\/p>\n<h2>\u00c4TZGRAVUR<\/h2>\n<p>F\u00fcr das \u00c4tzen von Gl\u00e4sern verwenden wir Fluorwasserstoff oder Ammoniumfluorid. Mit diesen Stoffen wird Ihr Logo oder Ihr Firmenname auf eine Schablone \u00fcbertragen, die wir anschlie\u00dfend auf das Glas aufbringen. Das Glas wird dann in S\u00e4ure getaucht. Dadurch entsteht eine Reaktion des aufgetragenen \u00c4tzmittels mit dem Glas. Bei diesem authentischen Gravur Verfahren wird jedes Glas einzeln behandelt. Auf Grund der strengen beh\u00f6rdlichen Auflagen zur Sicherheit von Chemikalien wird dieses Verfahren jedoch nur noch sehr selten angewandt.<\/p>\n<h2>LASERGRAVUR<\/h2>\n<p>Das Gravieren von Gl\u00e4sern mit einem Laser ist ein modernes Verfahren, das wir sehr h\u00e4ufig anwenden. Dabei wird das geh\u00e4rtete Glas mit dem Laser bearbeitet und \u00a0mit Ihrem Logo oder Firmennamen versehen. Ihr perfekt graviertes Glas f\u00e4llt sicher auf!<\/p>\n<p><iframe loading=\"lazy\" src=\"\/\/player.vimeo.com\/video\/84031970?title=0&amp;byline=0&amp;portrait=0&amp;color=ffffff&amp;autoplay=1&amp;loop=1\" width=\"1056\" height=\"350\" frameborder=\"0\" allowfullscreen=\"allowfullscreen\"><\/iframe><\/p>\n","protected":false},"excerpt":{"rendered":"<p>Wir haben verschiedene M\u00f6glichkeiten um Ihre Gl\u00e4ser zu gravieren. Welche davon, die beste ist, h\u00e4ngt von der \u00a0Auflage ab. Gl\u00e4ser in kleinen Auflagen gravieren wir meistens mit \u00c4tzen, Gl\u00e4ser in gr\u00f6\u00dferen Auflagen mit einem Laser. M\u00f6chten Sie gerne wissen, welche dieser M\u00f6glichkeiten f\u00fcr Sie in Frage kommt? Dann nehmen Sie gerne Kontakt mit uns auf! [&hellip;]<\/p>\n","protected":false},"author":1,"featured_media":0,"parent":0,"menu_order":0,"comment_status":"closed","ping_status":"open","template":"content-sidebar-page.php","meta":{"footnotes":""},"acf":[],"yoast_head":"<!-- This site is optimized with the Yoast SEO plugin v21.5 - https:\/\/yoast.com\/wordpress\/plugins\/seo\/ -->\n<title>GL\u00c4SER GRAVIEREN | Barista Hotelware<\/title>\n<meta name=\"robots\" content=\"index, follow, max-snippet:-1, max-image-preview:large, max-video-preview:-1\" \/>\n<link rel=\"canonical\" href=\"https:\/\/barista-hotelware.com\/de\/glaeser-gravieren\/\" \/>\n<meta property=\"og:locale\" content=\"de_DE\" \/>\n<meta property=\"og:type\" content=\"article\" \/>\n<meta property=\"og:title\" content=\"GL\u00c4SER GRAVIEREN | Barista Hotelware\" \/>\n<meta property=\"og:description\" content=\"Wir haben verschiedene M\u00f6glichkeiten um Ihre Gl\u00e4ser zu gravieren. Welche davon, die beste ist, h\u00e4ngt von der \u00a0Auflage ab. Gl\u00e4ser in kleinen Auflagen gravieren wir meistens mit \u00c4tzen, Gl\u00e4ser in gr\u00f6\u00dferen Auflagen mit einem Laser. M\u00f6chten Sie gerne wissen, welche dieser M\u00f6glichkeiten f\u00fcr Sie in Frage kommt? Dann nehmen Sie gerne Kontakt mit uns auf! [&hellip;]\" \/>\n<meta property=\"og:url\" content=\"https:\/\/barista-hotelware.com\/de\/glaeser-gravieren\/\" \/>\n<meta property=\"og:site_name\" content=\"Barista Hotelware\" \/>\n<meta property=\"article:modified_time\" content=\"2017-03-07T13:33:00+00:00\" \/>\n<meta name=\"twitter:label1\" content=\"Gesch\u00e4tzte Lesezeit\" \/>\n\t<meta name=\"twitter:data1\" content=\"1 Minute\" \/>\n<script type=\"application\/ld+json\" class=\"yoast-schema-graph\">{\"@context\":\"https:\/\/schema.org\",\"@graph\":[{\"@type\":\"WebPage\",\"@id\":\"https:\/\/barista-hotelware.com\/de\/glaeser-gravieren\/\",\"url\":\"https:\/\/barista-hotelware.com\/de\/glaeser-gravieren\/\",\"name\":\"GL\u00c4SER GRAVIEREN | Barista Hotelware\",\"isPartOf\":{\"@id\":\"https:\/\/barista-hotelware.com\/#website\"},\"datePublished\":\"2016-06-03T09:59:43+00:00\",\"dateModified\":\"2017-03-07T13:33:00+00:00\",\"inLanguage\":\"de-DE\",\"potentialAction\":[{\"@type\":\"ReadAction\",\"target\":[\"https:\/\/barista-hotelware.com\/de\/glaeser-gravieren\/\"]}]},{\"@type\":\"WebSite\",\"@id\":\"https:\/\/barista-hotelware.com\/#website\",\"url\":\"https:\/\/barista-hotelware.com\/\",\"name\":\"Barista Hotelware\",\"description\":\"Decorated Glass &amp; Porcelain\",\"potentialAction\":[{\"@type\":\"SearchAction\",\"target\":{\"@type\":\"EntryPoint\",\"urlTemplate\":\"https:\/\/barista-hotelware.com\/?s={search_term_string}\"},\"query-input\":\"required name=search_term_string\"}],\"inLanguage\":\"de-DE\"}]}<\/script>\n<!-- \/ Yoast SEO plugin. -->","yoast_head_json":{"title":"GL\u00c4SER GRAVIEREN | Barista Hotelware","robots":{"index":"index","follow":"follow","max-snippet":"max-snippet:-1","max-image-preview":"max-image-preview:large","max-video-preview":"max-video-preview:-1"},"canonical":"https:\/\/barista-hotelware.com\/de\/glaeser-gravieren\/","og_locale":"de_DE","og_type":"article","og_title":"GL\u00c4SER GRAVIEREN | Barista Hotelware","og_description":"Wir haben verschiedene M\u00f6glichkeiten um Ihre Gl\u00e4ser zu gravieren. Welche davon, die beste ist, h\u00e4ngt von der \u00a0Auflage ab. Gl\u00e4ser in kleinen Auflagen gravieren wir meistens mit \u00c4tzen, Gl\u00e4ser in gr\u00f6\u00dferen Auflagen mit einem Laser. M\u00f6chten Sie gerne wissen, welche dieser M\u00f6glichkeiten f\u00fcr Sie in Frage kommt? Dann nehmen Sie gerne Kontakt mit uns auf! [&hellip;]","og_url":"https:\/\/barista-hotelware.com\/de\/glaeser-gravieren\/","og_site_name":"Barista Hotelware","article_modified_time":"2017-03-07T13:33:00+00:00","twitter_misc":{"Gesch\u00e4tzte Lesezeit":"1 Minute"},"schema":{"@context":"https:\/\/schema.org","@graph":[{"@type":"WebPage","@id":"https:\/\/barista-hotelware.com\/de\/glaeser-gravieren\/","url":"https:\/\/barista-hotelware.com\/de\/glaeser-gravieren\/","name":"GL\u00c4SER GRAVIEREN | Barista Hotelware","isPartOf":{"@id":"https:\/\/barista-hotelware.com\/#website"},"datePublished":"2016-06-03T09:59:43+00:00","dateModified":"2017-03-07T13:33:00+00:00","inLanguage":"de-DE","potentialAction":[{"@type":"ReadAction","target":["https:\/\/barista-hotelware.com\/de\/glaeser-gravieren\/"]}]},{"@type":"WebSite","@id":"https:\/\/barista-hotelware.com\/#website","url":"https:\/\/barista-hotelware.com\/","name":"Barista Hotelware","description":"Decorated Glass &amp; Porcelain","potentialAction":[{"@type":"SearchAction","target":{"@type":"EntryPoint","urlTemplate":"https:\/\/barista-hotelware.com\/?s={search_term_string}"},"query-input":"required name=search_term_string"}],"inLanguage":"de-DE"}]}},"_links":{"self":[{"href":"https:\/\/barista-hotelware.com\/de\/wp-json\/wp\/v2\/pages\/3153"}],"collection":[{"href":"https:\/\/barista-hotelware.com\/de\/wp-json\/wp\/v2\/pages"}],"about":[{"href":"https:\/\/barista-hotelware.com\/de\/wp-json\/wp\/v2\/types\/page"}],"author":[{"embeddable":true,"href":"https:\/\/barista-hotelware.com\/de\/wp-json\/wp\/v2\/users\/1"}],"replies":[{"embeddable":true,"href":"https:\/\/barista-hotelware.com\/de\/wp-json\/wp\/v2\/comments?post=3153"}],"version-history":[{"count":4,"href":"https:\/\/barista-hotelware.com\/de\/wp-json\/wp\/v2\/pages\/3153\/revisions"}],"predecessor-version":[{"id":4400,"href":"https:\/\/barista-hotelware.com\/de\/wp-json\/wp\/v2\/pages\/3153\/revisions\/4400"}],"wp:attachment":[{"href":"https:\/\/barista-hotelware.com\/de\/wp-json\/wp\/v2\/media?parent=3153"}],"curies":[{"name":"wp","href":"https:\/\/api.w.org\/{rel}","templated":true}]}}