{"id":4594,"date":"2017-10-26T22:15:38","date_gmt":"2017-10-26T20:15:38","guid":{"rendered":"http:\/\/testnieuwewebsite.nl\/barista\/?page_id=4594"},"modified":"2017-11-07T09:15:40","modified_gmt":"2017-11-07T08:15:40","slug":"home","status":"publish","type":"page","link":"https:\/\/barista-hotelware.com\/de\/","title":{"rendered":"Home"},"content":{"rendered":"","protected":false},"excerpt":{"rendered":"","protected":false},"author":1,"featured_media":0,"parent":0,"menu_order":0,"comment_status":"closed","ping_status":"closed","template":"","meta":{"footnotes":""},"acf":[],"yoast_head":"<!-- This site is optimized with the Yoast SEO plugin v21.5 - https:\/\/yoast.com\/wordpress\/plugins\/seo\/ -->\n<title>Professionelle G\u00e4ste Porzellan und Glas \u2013 Barista Hotelware<\/title>\n<meta name=\"description\" content=\"Kaffeetassen in verschiedenen Formen und Gr\u00f6\u00dfen, Glaswaren und Geschirr. Zu sehr wettbewerbsf\u00e4higen Preisen und mit Ihrem Logo. W\u00e4hlen Sie Barista Hotelware\" \/>\n<meta name=\"robots\" content=\"index, follow, max-snippet:-1, max-image-preview:large, max-video-preview:-1\" \/>\n<link rel=\"canonical\" href=\"https:\/\/barista-hotelware.com\/de\/\" \/>\n<meta property=\"og:locale\" content=\"de_DE\" \/>\n<meta property=\"og:type\" content=\"article\" \/>\n<meta property=\"og:title\" content=\"Professionelle G\u00e4ste Porzellan und Glas \u2013 Barista Hotelware\" \/>\n<meta property=\"og:description\" content=\"Kaffeetassen in verschiedenen Formen und Gr\u00f6\u00dfen, Glaswaren und Geschirr. Zu sehr wettbewerbsf\u00e4higen Preisen und mit Ihrem Logo. W\u00e4hlen Sie Barista Hotelware\" \/>\n<meta property=\"og:url\" content=\"https:\/\/barista-hotelware.com\/de\/\" \/>\n<meta property=\"og:site_name\" content=\"Barista Hotelware\" \/>\n<meta property=\"article:modified_time\" content=\"2017-11-07T08:15:40+00:00\" \/>\n<script type=\"application\/ld+json\" class=\"yoast-schema-graph\">{\"@context\":\"https:\/\/schema.org\",\"@graph\":[{\"@type\":\"WebPage\",\"@id\":\"https:\/\/barista-hotelware.com\/de\/\",\"url\":\"https:\/\/barista-hotelware.com\/de\/\",\"name\":\"Professionelle G\u00e4ste Porzellan und Glas \u2013 Barista Hotelware\",\"isPartOf\":{\"@id\":\"https:\/\/barista-hotelware.com\/#website\"},\"datePublished\":\"2017-10-26T20:15:38+00:00\",\"dateModified\":\"2017-11-07T08:15:40+00:00\",\"description\":\"Kaffeetassen in verschiedenen Formen und Gr\u00f6\u00dfen, Glaswaren und Geschirr. Zu sehr wettbewerbsf\u00e4higen Preisen und mit Ihrem Logo. W\u00e4hlen Sie Barista Hotelware\",\"inLanguage\":\"de-DE\",\"potentialAction\":[{\"@type\":\"ReadAction\",\"target\":[\"https:\/\/barista-hotelware.com\/de\/\"]}]},{\"@type\":\"WebSite\",\"@id\":\"https:\/\/barista-hotelware.com\/#website\",\"url\":\"https:\/\/barista-hotelware.com\/\",\"name\":\"Barista Hotelware\",\"description\":\"Decorated Glass &amp; Porcelain\",\"potentialAction\":[{\"@type\":\"SearchAction\",\"target\":{\"@type\":\"EntryPoint\",\"urlTemplate\":\"https:\/\/barista-hotelware.com\/?s={search_term_string}\"},\"query-input\":\"required name=search_term_string\"}],\"inLanguage\":\"de-DE\"}]}<\/script>\n<!-- \/ Yoast SEO plugin. -->","yoast_head_json":{"title":"Professionelle G\u00e4ste Porzellan und Glas \u2013 Barista Hotelware","description":"Kaffeetassen in verschiedenen Formen und Gr\u00f6\u00dfen, Glaswaren und Geschirr. Zu sehr wettbewerbsf\u00e4higen Preisen und mit Ihrem Logo. W\u00e4hlen Sie Barista Hotelware","robots":{"index":"index","follow":"follow","max-snippet":"max-snippet:-1","max-image-preview":"max-image-preview:large","max-video-preview":"max-video-preview:-1"},"canonical":"https:\/\/barista-hotelware.com\/de\/","og_locale":"de_DE","og_type":"article","og_title":"Professionelle G\u00e4ste Porzellan und Glas \u2013 Barista Hotelware","og_description":"Kaffeetassen in verschiedenen Formen und Gr\u00f6\u00dfen, Glaswaren und Geschirr. Zu sehr wettbewerbsf\u00e4higen Preisen und mit Ihrem Logo. W\u00e4hlen Sie Barista Hotelware","og_url":"https:\/\/barista-hotelware.com\/de\/","og_site_name":"Barista Hotelware","article_modified_time":"2017-11-07T08:15:40+00:00","schema":{"@context":"https:\/\/schema.org","@graph":[{"@type":"WebPage","@id":"https:\/\/barista-hotelware.com\/de\/","url":"https:\/\/barista-hotelware.com\/de\/","name":"Professionelle G\u00e4ste Porzellan und Glas \u2013 Barista Hotelware","isPartOf":{"@id":"https:\/\/barista-hotelware.com\/#website"},"datePublished":"2017-10-26T20:15:38+00:00","dateModified":"2017-11-07T08:15:40+00:00","description":"Kaffeetassen in verschiedenen Formen und Gr\u00f6\u00dfen, Glaswaren und Geschirr. Zu sehr wettbewerbsf\u00e4higen Preisen und mit Ihrem Logo. W\u00e4hlen Sie Barista Hotelware","inLanguage":"de-DE","potentialAction":[{"@type":"ReadAction","target":["https:\/\/barista-hotelware.com\/de\/"]}]},{"@type":"WebSite","@id":"https:\/\/barista-hotelware.com\/#website","url":"https:\/\/barista-hotelware.com\/","name":"Barista Hotelware","description":"Decorated Glass &amp; Porcelain","potentialAction":[{"@type":"SearchAction","target":{"@type":"EntryPoint","urlTemplate":"https:\/\/barista-hotelware.com\/?s={search_term_string}"},"query-input":"required name=search_term_string"}],"inLanguage":"de-DE"}]}},"_links":{"self":[{"href":"https:\/\/barista-hotelware.com\/de\/wp-json\/wp\/v2\/pages\/4594"}],"collection":[{"href":"https:\/\/barista-hotelware.com\/de\/wp-json\/wp\/v2\/pages"}],"about":[{"href":"https:\/\/barista-hotelware.com\/de\/wp-json\/wp\/v2\/types\/page"}],"author":[{"embeddable":true,"href":"https:\/\/barista-hotelware.com\/de\/wp-json\/wp\/v2\/users\/1"}],"replies":[{"embeddable":true,"href":"https:\/\/barista-hotelware.com\/de\/wp-json\/wp\/v2\/comments?post=4594"}],"version-history":[{"count":5,"href":"https:\/\/barista-hotelware.com\/de\/wp-json\/wp\/v2\/pages\/4594\/revisions"}],"predecessor-version":[{"id":4718,"href":"https:\/\/barista-hotelware.com\/de\/wp-json\/wp\/v2\/pages\/4594\/revisions\/4718"}],"wp:attachment":[{"href":"https:\/\/barista-hotelware.com\/de\/wp-json\/wp\/v2\/media?parent=4594"}],"curies":[{"name":"wp","href":"https:\/\/api.w.org\/{rel}","templated":true}]}}