{"id":4841,"date":"2018-07-30T09:46:16","date_gmt":"2018-07-30T07:46:16","guid":{"rendered":"http:\/\/barista-hotelware.com\/?page_id=4841"},"modified":"2018-08-06T12:08:21","modified_gmt":"2018-08-06T10:08:21","slug":"mokken-bedrukken","status":"publish","type":"page","link":"https:\/\/barista-hotelware.com\/nl\/mokken-bedrukken\/","title":{"rendered":"Mokken bedrukken"},"content":{"rendered":"<p>Het bedrukken van mokken, met het logo van uw bedrijf, is een leuke en slimme manier om uw bedrijf onder de aandacht te brengen. Wij, van Barista-Hotelware, hebben jarenlange ervaring met het bedrukken van glas en porselein. Ook het bedrukken van mokken valt hier dus onder. We zullen er alles aan doen om de mokken te bedrukken naar uw smaak en wens. We bieden verschillende soorten mokken aan, zodat u kunt kiezen welke mok het beste bij u en uw bedrijf past. We kunnen u garanderen dat we ons werk met precisie en aandacht uitvoeren, wat terug te zien is in de designs en kwaliteit die wij afleveren. In ons mokkenassortiment kunt u zien welke modellen wij aanbieden. Indien u interesse heeft in een van onze mokken, heeft u de mogelijkheid om vrijblijvend een offerte aan te vragen.<\/p>\n<p><a class=\"btn btn-rood\" href=\"https:\/\/barista-hotelware.com\/nl\/product-categorie\/mokken\/\">Bekijk ons assortiment<\/a><\/p>\n<h2>Waarom zou ik mokken laten bedrukken?<\/h2>\n<p>Een mok is iets wat men elke dag gebruikt om koffie en\/of thee uit te drinken. Wanneer zo\u2019n mok bedrukt is met uw logo, is dit een manier om de identiteit van uw bedrijf uit te dragen op een creatieve manier. Het inzetten van een mok als promotiemateriaal of relatiegeschenk is een slimme manier om uw bedrijf te promoten en onder de aandacht te brengen en houden. Uw klanten en relaties zullen namelijk regelmatig in aanraking komen met het logo van uw bedrijf. Naast het feit dat een mok een leuk (relatie)geschenk is om te ontvangen, is het ook nog eens handig! Bent u ge\u00efnteresseerd in \u00e9\u00e9n van onze koffiemokken?<\/p>\n<p><a class=\"btn btn-rood\" href=\"https:\/\/barista-hotelware.com\/nl\/product-categorie\/mokken\/\">Bekijk ons assortiment<\/a><\/p>\n<h2>Waarom mokken bedrukken bij Barista-Hotelware?<\/h2>\n<p>Barista-Hotelware is al bijna 30 jaar gespecialiseerd in het bedrukken van glas en porselein. Naast onze jarenlange ervaring en passie voor het vak, zijn er nog meer redenen waarom u uw mokken bij ons zou moeten laten bedrukken. Ons aanbod aan mokken, kopjes en servies is enorm, waardoor u waarschijnlijk binnen de kortste keren wat zult vinden wat past binnen het karakter van uw bedrijf. Maar wat als dat niet zo is? Ook d\u00e1n hebben wij een oplossing. Door onze goede banden met porseleinfabrikanten kunnen wij u ook aanbieden dat u uw eigen mok ontwerpt. Deze zelfontworpen mokken kunnen vervolgens door ons worden bedrukt met uw bedrijfslogo. Op die manier heeft u een ontwerp dat precies aansluit bij uw wensen en het karakter van uw bedrijf en dat daarnaast ook nog eens helemaal uniek is! Wat wilt u nog meer?<\/p>\n<p>Indien u meer informatie wilt ontvangen over het bedrukken van mokken of ander servies, schroom dan niet om contact met ons op te nemen. Dit kan via ons <a href=\"https:\/\/barista-hotelware.com\/nl\/contact\/\">contactformulier<\/a>, maar natuurlijk ook telefonisch. Wij zijn te bereiken op het volgende nummer: \u00a0<a href=\"tel:0742914995\">074 \u2013 291 49 95<\/a>.<\/p>\n","protected":false},"excerpt":{"rendered":"<p>Het bedrukken van mokken, met het logo van uw bedrijf, is een leuke en slimme manier om uw bedrijf onder de aandacht te brengen. Wij, van Barista-Hotelware, hebben jarenlange ervaring met het bedrukken van glas en porselein. Ook het bedrukken van mokken valt hier dus onder. We zullen er alles aan doen om de mokken [&hellip;]<\/p>\n","protected":false},"author":5,"featured_media":0,"parent":0,"menu_order":0,"comment_status":"closed","ping_status":"closed","template":"","meta":{"footnotes":""},"acf":[],"yoast_head":"<!-- This site is optimized with the Yoast SEO plugin v21.5 - https:\/\/yoast.com\/wordpress\/plugins\/seo\/ -->\n<title>Mokken Bedrukken voor uw Onderneming | Barista Hotelware<\/title>\n<meta name=\"description\" content=\"Wilt u Mokken laten Bedrukken met het logo van uw Onderneming? Lees dan snel verder! \u2713Offerte binnen 24 uur \u2713Gratis proefdruk \u2713Meer dan 30 jaar ervaring\" \/>\n<meta name=\"robots\" content=\"index, follow, max-snippet:-1, max-image-preview:large, max-video-preview:-1\" \/>\n<link rel=\"canonical\" href=\"https:\/\/barista-hotelware.com\/nl\/mokken-bedrukken\/\" \/>\n<meta property=\"og:locale\" content=\"nl_NL\" \/>\n<meta property=\"og:type\" content=\"article\" \/>\n<meta property=\"og:title\" content=\"Mokken Bedrukken voor uw Onderneming | Barista Hotelware\" \/>\n<meta property=\"og:description\" content=\"Wilt u Mokken laten Bedrukken met het logo van uw Onderneming? Lees dan snel verder! \u2713Offerte binnen 24 uur \u2713Gratis proefdruk \u2713Meer dan 30 jaar ervaring\" \/>\n<meta property=\"og:url\" content=\"https:\/\/barista-hotelware.com\/nl\/mokken-bedrukken\/\" \/>\n<meta property=\"og:site_name\" content=\"Barista Hotelware\" \/>\n<meta property=\"article:modified_time\" content=\"2018-08-06T10:08:21+00:00\" \/>\n<meta name=\"twitter:label1\" content=\"Geschatte leestijd\" \/>\n\t<meta name=\"twitter:data1\" content=\"2 minuten\" \/>\n<script type=\"application\/ld+json\" class=\"yoast-schema-graph\">{\"@context\":\"https:\/\/schema.org\",\"@graph\":[{\"@type\":\"WebPage\",\"@id\":\"https:\/\/barista-hotelware.com\/nl\/mokken-bedrukken\/\",\"url\":\"https:\/\/barista-hotelware.com\/nl\/mokken-bedrukken\/\",\"name\":\"Mokken Bedrukken voor uw Onderneming | Barista Hotelware\",\"isPartOf\":{\"@id\":\"https:\/\/barista-hotelware.com\/#website\"},\"datePublished\":\"2018-07-30T07:46:16+00:00\",\"dateModified\":\"2018-08-06T10:08:21+00:00\",\"description\":\"Wilt u Mokken laten Bedrukken met het logo van uw Onderneming? Lees dan snel verder! \u2713Offerte binnen 24 uur \u2713Gratis proefdruk \u2713Meer dan 30 jaar ervaring\",\"inLanguage\":\"nl-NL\",\"potentialAction\":[{\"@type\":\"ReadAction\",\"target\":[\"https:\/\/barista-hotelware.com\/nl\/mokken-bedrukken\/\"]}]},{\"@type\":\"WebSite\",\"@id\":\"https:\/\/barista-hotelware.com\/#website\",\"url\":\"https:\/\/barista-hotelware.com\/\",\"name\":\"Barista Hotelware\",\"description\":\"Decorated Glass &amp; Porcelain\",\"potentialAction\":[{\"@type\":\"SearchAction\",\"target\":{\"@type\":\"EntryPoint\",\"urlTemplate\":\"https:\/\/barista-hotelware.com\/?s={search_term_string}\"},\"query-input\":\"required name=search_term_string\"}],\"inLanguage\":\"nl-NL\"}]}<\/script>\n<!-- \/ Yoast SEO plugin. -->","yoast_head_json":{"title":"Mokken Bedrukken voor uw Onderneming | Barista Hotelware","description":"Wilt u Mokken laten Bedrukken met het logo van uw Onderneming? Lees dan snel verder! \u2713Offerte binnen 24 uur \u2713Gratis proefdruk \u2713Meer dan 30 jaar ervaring","robots":{"index":"index","follow":"follow","max-snippet":"max-snippet:-1","max-image-preview":"max-image-preview:large","max-video-preview":"max-video-preview:-1"},"canonical":"https:\/\/barista-hotelware.com\/nl\/mokken-bedrukken\/","og_locale":"nl_NL","og_type":"article","og_title":"Mokken Bedrukken voor uw Onderneming | Barista Hotelware","og_description":"Wilt u Mokken laten Bedrukken met het logo van uw Onderneming? Lees dan snel verder! \u2713Offerte binnen 24 uur \u2713Gratis proefdruk \u2713Meer dan 30 jaar ervaring","og_url":"https:\/\/barista-hotelware.com\/nl\/mokken-bedrukken\/","og_site_name":"Barista Hotelware","article_modified_time":"2018-08-06T10:08:21+00:00","twitter_misc":{"Geschatte leestijd":"2 minuten"},"schema":{"@context":"https:\/\/schema.org","@graph":[{"@type":"WebPage","@id":"https:\/\/barista-hotelware.com\/nl\/mokken-bedrukken\/","url":"https:\/\/barista-hotelware.com\/nl\/mokken-bedrukken\/","name":"Mokken Bedrukken voor uw Onderneming | Barista Hotelware","isPartOf":{"@id":"https:\/\/barista-hotelware.com\/#website"},"datePublished":"2018-07-30T07:46:16+00:00","dateModified":"2018-08-06T10:08:21+00:00","description":"Wilt u Mokken laten Bedrukken met het logo van uw Onderneming? Lees dan snel verder! \u2713Offerte binnen 24 uur \u2713Gratis proefdruk \u2713Meer dan 30 jaar ervaring","inLanguage":"nl-NL","potentialAction":[{"@type":"ReadAction","target":["https:\/\/barista-hotelware.com\/nl\/mokken-bedrukken\/"]}]},{"@type":"WebSite","@id":"https:\/\/barista-hotelware.com\/#website","url":"https:\/\/barista-hotelware.com\/","name":"Barista Hotelware","description":"Decorated Glass &amp; Porcelain","potentialAction":[{"@type":"SearchAction","target":{"@type":"EntryPoint","urlTemplate":"https:\/\/barista-hotelware.com\/?s={search_term_string}"},"query-input":"required name=search_term_string"}],"inLanguage":"nl-NL"}]}},"_links":{"self":[{"href":"https:\/\/barista-hotelware.com\/nl\/wp-json\/wp\/v2\/pages\/4841"}],"collection":[{"href":"https:\/\/barista-hotelware.com\/nl\/wp-json\/wp\/v2\/pages"}],"about":[{"href":"https:\/\/barista-hotelware.com\/nl\/wp-json\/wp\/v2\/types\/page"}],"author":[{"embeddable":true,"href":"https:\/\/barista-hotelware.com\/nl\/wp-json\/wp\/v2\/users\/5"}],"replies":[{"embeddable":true,"href":"https:\/\/barista-hotelware.com\/nl\/wp-json\/wp\/v2\/comments?post=4841"}],"version-history":[{"count":4,"href":"https:\/\/barista-hotelware.com\/nl\/wp-json\/wp\/v2\/pages\/4841\/revisions"}],"predecessor-version":[{"id":4863,"href":"https:\/\/barista-hotelware.com\/nl\/wp-json\/wp\/v2\/pages\/4841\/revisions\/4863"}],"wp:attachment":[{"href":"https:\/\/barista-hotelware.com\/nl\/wp-json\/wp\/v2\/media?parent=4841"}],"curies":[{"name":"wp","href":"https:\/\/api.w.org\/{rel}","templated":true}]}}